{"id":934,"date":"2016-06-21T13:52:54","date_gmt":"2016-06-21T11:52:54","guid":{"rendered":"http:\/\/proseating.nl\/gekwalificeerd\/?lang=de"},"modified":"2017-06-16T12:04:45","modified_gmt":"2017-06-16T10:04:45","slug":"qualifiziert","status":"publish","type":"page","link":"https:\/\/proseating.nl\/de\/qualifiziert\/","title":{"rendered":"Qualifiziert"},"content":{"rendered":"<p>Pro Seating\u00ae verf\u00fcgt \u00fcber fachkundiges, qualifiziertes Personal und einen sehr modernen Ger\u00e4te- und Maschinenpark, was die Hochwertigkeit und Zuverl\u00e4ssigkeit unserer Produkte garantiert. Mit unseren High-Tech-Maschinen k\u00f6nnen wir auch f\u00fcr Sie verschiedene L\u00f6sungen nach Ma\u00df realisieren. Setzen Sie sich einfach mit uns in <strong><a href=\"http:\/\/proseating.nl\/kontakt\/?lang=de\">Verbindung <\/a><\/strong>und erkundigen Sie sich nach den M\u00f6glichkeiten.<!--more--><\/p>\n<p>Seit Anfang 2016 befasst sich Pro Seating\u00ae noch intensiver mit dem Thema \u201esoziale Unternehmensverantwortung\u201c (CSR). F\u00fcr ein gut funktionierendes Unternehmen sind schlie\u00dflich nicht nur die Finanzen, sondern auch die Zufriedenheit der Mitarbeiter, eine Strategie mit Blick f\u00fcr den Umweltschutz und Investitionen in die Gesellschaft wichtige Faktoren.<\/p>\n<p>Laden Sie <strong><a href=\"http:\/\/proseating.nl\/wp-content\/uploads\/2017\/03\/MVO-verklaring-Duits-bewerkt.pdf\" target=\"_blank\" rel=\"noopener\">hier<\/a><\/strong> unsere CSR-Erkl\u00e4rung herunter.<\/p>\n","protected":false},"excerpt":{"rendered":"<p>Pro Seating\u00ae verf\u00fcgt \u00fcber fachkundiges, qualifiziertes Personal und einen sehr modernen Ger\u00e4te- und Maschinenpark, was die Hochwertigkeit und Zuverl\u00e4ssigkeit unserer Produkte garantiert. Mit unseren High-Tech-Maschinen k\u00f6nnen wir auch f\u00fcr Sie<a href=\"https:\/\/proseating.nl\/de\/qualifiziert\/\"><button class=\"btn\">Lesen Sie mehr<\/button><\/a><\/p>\n","protected":false},"author":1,"featured_media":0,"parent":0,"menu_order":0,"comment_status":"closed","ping_status":"closed","template":"","meta":{"_acf_changed":false,"footnotes":""},"class_list":["post-934","page","type-page","status-publish","hentry"],"acf":[],"yoast_head":"<!-- This site is optimized with the Yoast SEO plugin v27.2 - https:\/\/yoast.com\/product\/yoast-seo-wordpress\/ -->\n<title>Qualifiziert - Pro Seating<\/title>\n<meta name=\"robots\" content=\"index, follow, max-snippet:-1, max-image-preview:large, max-video-preview:-1\" \/>\n<link rel=\"canonical\" href=\"https:\/\/proseating.nl\/de\/qualifiziert\/\" \/>\n<meta property=\"og:locale\" content=\"de_DE\" \/>\n<meta property=\"og:type\" content=\"article\" \/>\n<meta property=\"og:title\" content=\"Qualifiziert - Pro Seating\" \/>\n<meta property=\"og:description\" content=\"Pro Seating\u00ae verf\u00fcgt \u00fcber fachkundiges, qualifiziertes Personal und einen sehr modernen Ger\u00e4te- und Maschinenpark, was die Hochwertigkeit und Zuverl\u00e4ssigkeit unserer Produkte garantiert. Mit unseren High-Tech-Maschinen k\u00f6nnen wir auch f\u00fcr SieLesen Sie mehr\" \/>\n<meta property=\"og:url\" content=\"https:\/\/proseating.nl\/de\/qualifiziert\/\" \/>\n<meta property=\"og:site_name\" content=\"Pro Seating\" \/>\n<meta property=\"article:publisher\" content=\"https:\/\/www.facebook.com\/ProSeating\/\" \/>\n<meta property=\"article:modified_time\" content=\"2017-06-16T10:04:45+00:00\" \/>\n<meta name=\"twitter:card\" content=\"summary_large_image\" \/>\n<meta name=\"twitter:label1\" content=\"Gesch\u00e4tzte Lesezeit\" \/>\n\t<meta name=\"twitter:data1\" content=\"1\u00a0Minute\" \/>\n<script type=\"application\/ld+json\" class=\"yoast-schema-graph\">{\"@context\":\"https:\/\/schema.org\",\"@graph\":[{\"@type\":\"WebPage\",\"@id\":\"https:\/\/proseating.nl\/de\/qualifiziert\/\",\"url\":\"https:\/\/proseating.nl\/de\/qualifiziert\/\",\"name\":\"Qualifiziert - Pro Seating\",\"isPartOf\":{\"@id\":\"https:\/\/proseating.nl\/de\/#website\"},\"datePublished\":\"2016-06-21T11:52:54+00:00\",\"dateModified\":\"2017-06-16T10:04:45+00:00\",\"breadcrumb\":{\"@id\":\"https:\/\/proseating.nl\/de\/qualifiziert\/#breadcrumb\"},\"inLanguage\":\"de\",\"potentialAction\":[{\"@type\":\"ReadAction\",\"target\":[\"https:\/\/proseating.nl\/de\/qualifiziert\/\"]}]},{\"@type\":\"BreadcrumbList\",\"@id\":\"https:\/\/proseating.nl\/de\/qualifiziert\/#breadcrumb\",\"itemListElement\":[{\"@type\":\"ListItem\",\"position\":1,\"name\":\"Home\",\"item\":\"https:\/\/proseating.nl\/de\/\"},{\"@type\":\"ListItem\",\"position\":2,\"name\":\"Qualifiziert\"}]},{\"@type\":\"WebSite\",\"@id\":\"https:\/\/proseating.nl\/de\/#website\",\"url\":\"https:\/\/proseating.nl\/de\/\",\"name\":\"Pro Seating\",\"description\":\"CNC, houtbewerking, vormschuim, naaiatelier, stofferen, revalidatiestoffering, rolstoelkussen, kussens voor medische behandelstoelen, revalidatiestoffering.\",\"potentialAction\":[{\"@type\":\"SearchAction\",\"target\":{\"@type\":\"EntryPoint\",\"urlTemplate\":\"https:\/\/proseating.nl\/de\/?s={search_term_string}\"},\"query-input\":{\"@type\":\"PropertyValueSpecification\",\"valueRequired\":true,\"valueName\":\"search_term_string\"}}],\"inLanguage\":\"de\"}]}<\/script>\n<!-- \/ Yoast SEO plugin. -->","yoast_head_json":{"title":"Qualifiziert - Pro Seating","robots":{"index":"index","follow":"follow","max-snippet":"max-snippet:-1","max-image-preview":"max-image-preview:large","max-video-preview":"max-video-preview:-1"},"canonical":"https:\/\/proseating.nl\/de\/qualifiziert\/","og_locale":"de_DE","og_type":"article","og_title":"Qualifiziert - Pro Seating","og_description":"Pro Seating\u00ae verf\u00fcgt \u00fcber fachkundiges, qualifiziertes Personal und einen sehr modernen Ger\u00e4te- und Maschinenpark, was die Hochwertigkeit und Zuverl\u00e4ssigkeit unserer Produkte garantiert. Mit unseren High-Tech-Maschinen k\u00f6nnen wir auch f\u00fcr SieLesen Sie mehr","og_url":"https:\/\/proseating.nl\/de\/qualifiziert\/","og_site_name":"Pro Seating","article_publisher":"https:\/\/www.facebook.com\/ProSeating\/","article_modified_time":"2017-06-16T10:04:45+00:00","twitter_card":"summary_large_image","twitter_misc":{"Gesch\u00e4tzte Lesezeit":"1\u00a0Minute"},"schema":{"@context":"https:\/\/schema.org","@graph":[{"@type":"WebPage","@id":"https:\/\/proseating.nl\/de\/qualifiziert\/","url":"https:\/\/proseating.nl\/de\/qualifiziert\/","name":"Qualifiziert - Pro Seating","isPartOf":{"@id":"https:\/\/proseating.nl\/de\/#website"},"datePublished":"2016-06-21T11:52:54+00:00","dateModified":"2017-06-16T10:04:45+00:00","breadcrumb":{"@id":"https:\/\/proseating.nl\/de\/qualifiziert\/#breadcrumb"},"inLanguage":"de","potentialAction":[{"@type":"ReadAction","target":["https:\/\/proseating.nl\/de\/qualifiziert\/"]}]},{"@type":"BreadcrumbList","@id":"https:\/\/proseating.nl\/de\/qualifiziert\/#breadcrumb","itemListElement":[{"@type":"ListItem","position":1,"name":"Home","item":"https:\/\/proseating.nl\/de\/"},{"@type":"ListItem","position":2,"name":"Qualifiziert"}]},{"@type":"WebSite","@id":"https:\/\/proseating.nl\/de\/#website","url":"https:\/\/proseating.nl\/de\/","name":"Pro Seating","description":"CNC, houtbewerking, vormschuim, naaiatelier, stofferen, revalidatiestoffering, rolstoelkussen, kussens voor medische behandelstoelen, revalidatiestoffering.","potentialAction":[{"@type":"SearchAction","target":{"@type":"EntryPoint","urlTemplate":"https:\/\/proseating.nl\/de\/?s={search_term_string}"},"query-input":{"@type":"PropertyValueSpecification","valueRequired":true,"valueName":"search_term_string"}}],"inLanguage":"de"}]}},"_links":{"self":[{"href":"https:\/\/proseating.nl\/de\/wp-json\/wp\/v2\/pages\/934","targetHints":{"allow":["GET"]}}],"collection":[{"href":"https:\/\/proseating.nl\/de\/wp-json\/wp\/v2\/pages"}],"about":[{"href":"https:\/\/proseating.nl\/de\/wp-json\/wp\/v2\/types\/page"}],"author":[{"embeddable":true,"href":"https:\/\/proseating.nl\/de\/wp-json\/wp\/v2\/users\/1"}],"replies":[{"embeddable":true,"href":"https:\/\/proseating.nl\/de\/wp-json\/wp\/v2\/comments?post=934"}],"version-history":[{"count":5,"href":"https:\/\/proseating.nl\/de\/wp-json\/wp\/v2\/pages\/934\/revisions"}],"predecessor-version":[{"id":1971,"href":"https:\/\/proseating.nl\/de\/wp-json\/wp\/v2\/pages\/934\/revisions\/1971"}],"wp:attachment":[{"href":"https:\/\/proseating.nl\/de\/wp-json\/wp\/v2\/media?parent=934"}],"curies":[{"name":"wp","href":"https:\/\/api.w.org\/{rel}","templated":true}]}}