{"id":1938,"date":"2016-06-10T16:28:46","date_gmt":"2016-06-10T14:28:46","guid":{"rendered":"http:\/\/proseating.nl\/kontakt\/downloads\/?lang=de"},"modified":"2018-01-29T15:01:32","modified_gmt":"2018-01-29T14:01:32","slug":"downloads","status":"publish","type":"page","link":"https:\/\/proseating.nl\/de\/kontakt\/downloads\/","title":{"rendered":"Downloads"},"content":{"rendered":"<p>Auf dieser Seite k\u00f6nnen Sie alle Dateien herunterladen, die auf der Website von Pro Seating\u00ae<br \/>\nzur Verf\u00fcgung gestellt werden. Klicken Sie die gew\u00fcnschte Datei an, um sie herunterzuladen.<\/p>\n<ul>\n<li><a href=\"http:\/\/proseating.nl\/wp-content\/uploads\/2018\/01\/Pro-Seating-artikellijst-Duits.pdf\" target=\"_blank\">Artikelliste Pro Seating\u00ae<\/a><\/li>\n<li><a href=\"http:\/\/proseating.nl\/wp-content\/uploads\/2017\/06\/Retour-en-klachten-Duits.pdf\" target=\"_blank\">R\u00fccksende-\/Beschwerdeformular<\/a><\/li>\n<li><a href=\"http:\/\/proseating.nl\/wp-content\/uploads\/2017\/06\/Allgemeinen-Gesch\u00e4ftsbedingungen-.pdf\" target=\"_blank\">Allgemeine Gesch\u00e4ftsbedingungen Pro Seating\u00ae<\/a><\/li>\n<li><a href=\"http:\/\/proseating.nl\/wp-content\/uploads\/2017\/03\/MVO-verklaring-Duits-bewerkt.pdf\" target=\"_blank\">Erkl\u00e4rung zur sozialen Verantwortung<\/a><\/li>\n<\/ul>\n<p>&nbsp;<\/p>\n<h2>Zertifizierung<\/h2>\n<p><strong>Feuerhemmende Wirkung<\/strong><br \/>\nAlle Bezugsmaterialien, die in Rollstuhlkissen verarbeitet werden, m\u00fcssen nach der europ\u00e4ischen<br \/>\nNorm EN 1021 \u2013 Teil 1 und 2 gepr\u00fcft und zugelassen werden. Diese Norm sieht zwei Pr\u00fcfverfahren<br \/>\nvor, denen das Material unterzogen werden muss: mit glimmender Zigarette und Gasflamme.<\/p>\n<p>Beim Zigarettentest wird beurteilt, ob die Kombination von Bezugsmaterial und Schaumstofff\u00fcllung ausreichend flammhemmend ist, wenn sie mit einer brennenden Zigarette in Kontakt kommt.<br \/>\nDas Material darf sich dann nicht entz\u00fcnden.<\/p>\n<p>Beim Flammentest wird dieselbe Versuchsanordnung verwendet, wobei die Z\u00fcndquelle nun aber ein Gasbrenner ist, mit dem 15 Sekunden lang eine Flamme auf das Material gerichtet wird. Auch hier darf keine bleibende Entz\u00fcndung auftreten; der Brand muss sich innerhalb von 120 Sekunden selbst l\u00f6schen.<\/p>\n<ul>\n<li><a href=\"http:\/\/proseating.nl\/wp-content\/uploads\/2017\/08\/FR_Pro-Skin\u00ae-pass.pdf\" target=\"_blank\" rel=\"noopener\">Feuerhemmende Zertifikat Pro Skin\u00ae<\/a><\/li>\n<li><a href=\"http:\/\/proseating.nl\/wp-content\/uploads\/2017\/08\/FR_Pro-Incon\u00ae-pass.pdf\" target=\"_blank\" rel=\"noopener\">Feuerhemmende Zertifikat Pro Incon\u00ae<\/a><\/li>\n<li><a href=\"http:\/\/proseating.nl\/wp-content\/uploads\/2017\/08\/FR_Pro-Velour\u00ae-pass.pdf\" target=\"_blank\" rel=\"noopener\">Feuerhemmende Zertifikat Pro Velour\u00ae<\/a><\/li>\n<li><a href=\"http:\/\/proseating.nl\/wp-content\/uploads\/2017\/08\/Pro-Air\u00ae.pdf\" target=\"_blank\" rel=\"noopener\">Feuerhemmende Zertifikat Pro Air\u00ae<\/a><\/li>\n<li><a href=\"http:\/\/proseating.nl\/wp-content\/uploads\/2017\/08\/Terry-cloth.pdf\" target=\"_blank\" rel=\"noopener\">Feuerhemmende Zertifikat Frotteematerial<\/a><\/li>\n<li><a href=\"http:\/\/proseating.nl\/wp-content\/uploads\/2017\/08\/FR_Ambla-pass.pdf\" target=\"_blank\" rel=\"noopener\">Feuerhemmende Zertifikat Ambla Tinto Nubian<\/a><\/li>\n<li><a href=\"http:\/\/proseating.nl\/wp-content\/uploads\/2017\/08\/Pampa-leather.pdf\" target=\"_blank\" rel=\"noopener\">Feuerhemmende Zertifikat Pampa leather<\/a><\/li>\n<li><a href=\"http:\/\/proseating.nl\/wp-content\/uploads\/2017\/10\/FR_-Velcro-loop.pdf\" target=\"_blank\" rel=\"noopener\">Feuerhemmende Zertifikat Velcro loop<\/a><\/li>\n<li><a href=\"http:\/\/proseating.nl\/wp-content\/uploads\/2017\/08\/FR-Bayfit.pdf\" target=\"_blank\" rel=\"noopener\">Feuerhemmende Zertifikat Bayfit<\/a><\/li>\n<\/ul>\n<p><BR><strong>Biokompatibilit\u00e4t<\/strong><br \/>\nBei Bezugsmaterialien f\u00fcr Rollstuhlkissen und andere Positionierungshilfsmittel, die direkt oder<br \/>\nindirekt mit dem K\u00f6rper des Benutzers des medizinischen Hilfsmittels in Kontakt kommen, m\u00fcssen die biologischen Risiken f\u00fcr den Benutzer ermittelt werden. Zun\u00e4chst wird eine Bewertung der Risiken der Anwendung vorgenommen. F\u00fcr Rollstuhlbezugsmaterialien bedeutet das, dass die Biokompatibilit\u00e4t durch eine Pr\u00fcfung nach ISO 10993-5 nachgewiesen werden kann. Die Durchf\u00fchrung von Tier- versuchen ist also nicht notwendig.<\/p>\n<p>Bei dieser Pr\u00fcfung wird ein St\u00fcck des Bezugsmaterials f\u00fcr eine bestimmte Zeit in eine Fl\u00fcssigkeit gelegt. Anschlie\u00dfend wird ein Teil der entstandenen L\u00f6sung in Schalen mit hierf\u00fcr angesetzten Zellkulturen eingebracht. Diese Schalen werden w\u00e4hrend einer festgelegten Zeit unter kontrollierten Bedingungen verwahrt; anschlie\u00dfend wird im Labor ermittelt, welchen Einfluss die L\u00f6sung auf die Zellkulturen hatte. Wenn die Lebensf\u00e4higkeit der Zellen um mehr als 30 % abgenommen hat, ist von einer zytotoxischen Wirkung des Materials auszugehen; es wird dann nicht f\u00fcr diese Verwendung zugelassen.<\/p>\n<ul>\n<li><a href=\"http:\/\/proseating.nl\/wp-content\/uploads\/2017\/10\/Bio_Pro-Skin\u00ae-pass.pdf\" target=\"_blank\">Biokompatibilit\u00e4t testreport Pro Skin\u00ae<\/a><\/li>\n<li><a href=\"http:\/\/proseating.nl\/wp-content\/uploads\/2017\/10\/Bio_Pro-Incon\u00ae-pass.pdf\" target=\"_blank\">Biokompatibilit\u00e4t testreport Pro Incon\u00ae<\/a><\/li>\n<li><a href=\"http:\/\/proseating.nl\/wp-content\/uploads\/2017\/10\/Bio_Pro-Velour\u00ae-pass.pdf\" target=\"_blank\">Biokompatibilit\u00e4t testreport Pro Velour\u00ae<\/a><\/li>\n<li><a href=\"http:\/\/proseating.nl\/wp-content\/uploads\/2017\/10\/Bio_Pro-Air\u00ae-pass.pdf\" target=\"_blank\">Biokompatibilit\u00e4t testreport Pro Air\u00ae<\/a><\/li>\n<\/ul>\n","protected":false},"excerpt":{"rendered":"<p>Auf dieser Seite k\u00f6nnen Sie alle Dateien herunterladen, die auf der Website von Pro Seating\u00ae zur Verf\u00fcgung gestellt werden. Klicken Sie die gew\u00fcnschte Datei an, um sie herunterzuladen. Artikelliste Pro<a href=\"https:\/\/proseating.nl\/de\/kontakt\/downloads\/\"><button class=\"btn\">Lesen Sie mehr<\/button><\/a><\/p>\n","protected":false},"author":1,"featured_media":0,"parent":1820,"menu_order":0,"comment_status":"closed","ping_status":"closed","template":"","meta":{"_acf_changed":false,"footnotes":""},"class_list":["post-1938","page","type-page","status-publish","hentry"],"acf":[],"yoast_head":"<!-- This site is optimized with the Yoast SEO plugin v27.2 - https:\/\/yoast.com\/product\/yoast-seo-wordpress\/ -->\n<title>Downloads - Pro Seating<\/title>\n<meta name=\"robots\" content=\"index, follow, max-snippet:-1, max-image-preview:large, max-video-preview:-1\" \/>\n<link rel=\"canonical\" href=\"https:\/\/proseating.nl\/de\/kontakt\/downloads\/\" \/>\n<meta property=\"og:locale\" content=\"de_DE\" \/>\n<meta property=\"og:type\" content=\"article\" \/>\n<meta property=\"og:title\" content=\"Downloads - Pro Seating\" \/>\n<meta property=\"og:description\" content=\"Auf dieser Seite k\u00f6nnen Sie alle Dateien herunterladen, die auf der Website von Pro Seating\u00ae zur Verf\u00fcgung gestellt werden. Klicken Sie die gew\u00fcnschte Datei an, um sie herunterzuladen. Artikelliste ProLesen Sie mehr\" \/>\n<meta property=\"og:url\" content=\"https:\/\/proseating.nl\/de\/kontakt\/downloads\/\" \/>\n<meta property=\"og:site_name\" content=\"Pro Seating\" \/>\n<meta property=\"article:publisher\" content=\"https:\/\/www.facebook.com\/ProSeating\/\" \/>\n<meta property=\"article:modified_time\" content=\"2018-01-29T14:01:32+00:00\" \/>\n<meta name=\"twitter:card\" content=\"summary_large_image\" \/>\n<meta name=\"twitter:label1\" content=\"Gesch\u00e4tzte Lesezeit\" \/>\n\t<meta name=\"twitter:data1\" content=\"2\u00a0Minuten\" \/>\n<script type=\"application\/ld+json\" class=\"yoast-schema-graph\">{\"@context\":\"https:\/\/schema.org\",\"@graph\":[{\"@type\":\"WebPage\",\"@id\":\"https:\/\/proseating.nl\/de\/kontakt\/downloads\/\",\"url\":\"https:\/\/proseating.nl\/de\/kontakt\/downloads\/\",\"name\":\"Downloads - Pro Seating\",\"isPartOf\":{\"@id\":\"https:\/\/proseating.nl\/de\/#website\"},\"datePublished\":\"2016-06-10T14:28:46+00:00\",\"dateModified\":\"2018-01-29T14:01:32+00:00\",\"breadcrumb\":{\"@id\":\"https:\/\/proseating.nl\/de\/kontakt\/downloads\/#breadcrumb\"},\"inLanguage\":\"de\",\"potentialAction\":[{\"@type\":\"ReadAction\",\"target\":[\"https:\/\/proseating.nl\/de\/kontakt\/downloads\/\"]}]},{\"@type\":\"BreadcrumbList\",\"@id\":\"https:\/\/proseating.nl\/de\/kontakt\/downloads\/#breadcrumb\",\"itemListElement\":[{\"@type\":\"ListItem\",\"position\":1,\"name\":\"Home\",\"item\":\"https:\/\/proseating.nl\/de\/\"},{\"@type\":\"ListItem\",\"position\":2,\"name\":\"Kontakt\",\"item\":\"https:\/\/proseating.nl\/de\/kontakt\/\"},{\"@type\":\"ListItem\",\"position\":3,\"name\":\"Downloads\"}]},{\"@type\":\"WebSite\",\"@id\":\"https:\/\/proseating.nl\/de\/#website\",\"url\":\"https:\/\/proseating.nl\/de\/\",\"name\":\"Pro Seating\",\"description\":\"CNC, houtbewerking, vormschuim, naaiatelier, stofferen, revalidatiestoffering, rolstoelkussen, kussens voor medische behandelstoelen, revalidatiestoffering.\",\"potentialAction\":[{\"@type\":\"SearchAction\",\"target\":{\"@type\":\"EntryPoint\",\"urlTemplate\":\"https:\/\/proseating.nl\/de\/?s={search_term_string}\"},\"query-input\":{\"@type\":\"PropertyValueSpecification\",\"valueRequired\":true,\"valueName\":\"search_term_string\"}}],\"inLanguage\":\"de\"}]}<\/script>\n<!-- \/ Yoast SEO plugin. -->","yoast_head_json":{"title":"Downloads - Pro Seating","robots":{"index":"index","follow":"follow","max-snippet":"max-snippet:-1","max-image-preview":"max-image-preview:large","max-video-preview":"max-video-preview:-1"},"canonical":"https:\/\/proseating.nl\/de\/kontakt\/downloads\/","og_locale":"de_DE","og_type":"article","og_title":"Downloads - Pro Seating","og_description":"Auf dieser Seite k\u00f6nnen Sie alle Dateien herunterladen, die auf der Website von Pro Seating\u00ae zur Verf\u00fcgung gestellt werden. Klicken Sie die gew\u00fcnschte Datei an, um sie herunterzuladen. Artikelliste ProLesen Sie mehr","og_url":"https:\/\/proseating.nl\/de\/kontakt\/downloads\/","og_site_name":"Pro Seating","article_publisher":"https:\/\/www.facebook.com\/ProSeating\/","article_modified_time":"2018-01-29T14:01:32+00:00","twitter_card":"summary_large_image","twitter_misc":{"Gesch\u00e4tzte Lesezeit":"2\u00a0Minuten"},"schema":{"@context":"https:\/\/schema.org","@graph":[{"@type":"WebPage","@id":"https:\/\/proseating.nl\/de\/kontakt\/downloads\/","url":"https:\/\/proseating.nl\/de\/kontakt\/downloads\/","name":"Downloads - Pro Seating","isPartOf":{"@id":"https:\/\/proseating.nl\/de\/#website"},"datePublished":"2016-06-10T14:28:46+00:00","dateModified":"2018-01-29T14:01:32+00:00","breadcrumb":{"@id":"https:\/\/proseating.nl\/de\/kontakt\/downloads\/#breadcrumb"},"inLanguage":"de","potentialAction":[{"@type":"ReadAction","target":["https:\/\/proseating.nl\/de\/kontakt\/downloads\/"]}]},{"@type":"BreadcrumbList","@id":"https:\/\/proseating.nl\/de\/kontakt\/downloads\/#breadcrumb","itemListElement":[{"@type":"ListItem","position":1,"name":"Home","item":"https:\/\/proseating.nl\/de\/"},{"@type":"ListItem","position":2,"name":"Kontakt","item":"https:\/\/proseating.nl\/de\/kontakt\/"},{"@type":"ListItem","position":3,"name":"Downloads"}]},{"@type":"WebSite","@id":"https:\/\/proseating.nl\/de\/#website","url":"https:\/\/proseating.nl\/de\/","name":"Pro Seating","description":"CNC, houtbewerking, vormschuim, naaiatelier, stofferen, revalidatiestoffering, rolstoelkussen, kussens voor medische behandelstoelen, revalidatiestoffering.","potentialAction":[{"@type":"SearchAction","target":{"@type":"EntryPoint","urlTemplate":"https:\/\/proseating.nl\/de\/?s={search_term_string}"},"query-input":{"@type":"PropertyValueSpecification","valueRequired":true,"valueName":"search_term_string"}}],"inLanguage":"de"}]}},"_links":{"self":[{"href":"https:\/\/proseating.nl\/de\/wp-json\/wp\/v2\/pages\/1938","targetHints":{"allow":["GET"]}}],"collection":[{"href":"https:\/\/proseating.nl\/de\/wp-json\/wp\/v2\/pages"}],"about":[{"href":"https:\/\/proseating.nl\/de\/wp-json\/wp\/v2\/types\/page"}],"author":[{"embeddable":true,"href":"https:\/\/proseating.nl\/de\/wp-json\/wp\/v2\/users\/1"}],"replies":[{"embeddable":true,"href":"https:\/\/proseating.nl\/de\/wp-json\/wp\/v2\/comments?post=1938"}],"version-history":[{"count":5,"href":"https:\/\/proseating.nl\/de\/wp-json\/wp\/v2\/pages\/1938\/revisions"}],"predecessor-version":[{"id":2603,"href":"https:\/\/proseating.nl\/de\/wp-json\/wp\/v2\/pages\/1938\/revisions\/2603"}],"up":[{"embeddable":true,"href":"https:\/\/proseating.nl\/de\/wp-json\/wp\/v2\/pages\/1820"}],"wp:attachment":[{"href":"https:\/\/proseating.nl\/de\/wp-json\/wp\/v2\/media?parent=1938"}],"curies":[{"name":"wp","href":"https:\/\/api.w.org\/{rel}","templated":true}]}}