{"id":1865,"date":"2016-06-10T16:28:33","date_gmt":"2016-06-10T14:28:33","guid":{"rendered":"http:\/\/proseating.nl\/kontakt\/service\/?lang=de"},"modified":"2018-01-26T16:53:23","modified_gmt":"2018-01-26T15:53:23","slug":"service","status":"publish","type":"page","link":"https:\/\/proseating.nl\/de\/kontakt\/service\/","title":{"rendered":"Service"},"content":{"rendered":"<p><strong>Lieferinformationen<\/strong><br \/>\nBei Pro Seating\u00ae legen wir gro\u00dfen Wert darauf, unsere Zusagen einzuhalten. Darum garantiert<br \/>\nPro Seating\u00ae Ihnen eine Lieferung innerhalb von 5 Werktagen nach Eingang Ihrer Bestellung.<br \/>\nSo k\u00f6nnen Sie sicher sein, dass sich Ihr Produktionsprozess nicht verz\u00f6gert. Das hat bei uns hohe Priorit\u00e4t.<\/p>\n<p>Innerhalb der Niederlande werden bei einem Bestellwert unter 150,\u2013 \u20ac Versandkosten in H\u00f6he von<br \/>\n15,\u2013 \u20ac zzgl. Mehrwertsteuer in Rechnung gestellt. Ab einem Bestellwert von 150,\u2013 \u20ac ist der Versand<br \/>\nf\u00fcr Sie kostenlos. Die Kosten des Auslandsversands werden im Einzelfall ermittelt.<\/p>\n<p><strong>Verpackungen<\/strong><br \/>\nAlle hergestellten Artikel werden von Pro Seating\u00ae sorgf\u00e4ltig kontrolliert, in ma\u00dfgefertigte Kartons verpackt und korrekt etikettiert, auf Wunsch auch mit einem Barcode nach Kundenwunsch.<\/p>\n<p><strong>R\u00fccksendungen<\/strong><br \/>\nAll unsere Produkte werden mit gr\u00f6\u00dftm\u00f6glicher Sorgfalt hergestellt, ausgestattet, kontrolliert und verpackt. Sollten Sie unerwartet doch einmal nicht vollst\u00e4ndig zufrieden sein, setzen Sie sich dann<br \/>\nbitte schnellstm\u00f6glich mit uns in Verbindung; wir werden uns dann bem\u00fchen, eine gute L\u00f6sung f\u00fcr<br \/>\nIhre Reklamation zu finden.<\/p>\n<p>Setzen Sie sich bei Beschwerden innerhalb von 10 Werktagen zun\u00e4chst telefonisch mit uns in Verbindung und f\u00fcllen Sie anschlie\u00dfend das nachstehende <strong><a href=\"http:\/\/proseating.nl\/wp-content\/uploads\/2017\/06\/Retour-en-klachten-Duits.pdf\" target=\"_blank\">R\u00fccksende-\/Beschwerdeformular<\/strong><\/a> aus.<\/p>\n<p><strong>Garantie<\/strong><br \/>\nPro Seating\u00ae garantiert gegen\u00fcber dem Kunden oder Benutzer die Tauglichkeit des Produkts f\u00fcr<br \/>\nden vorgesehenen Zweck \u2013 die Gew\u00e4hrleistung eines optimalen Sitzkomforts f\u00fcr Menschen mit<br \/>\neiner k\u00f6rperlichen Behinderung.<\/p>\n<p>Pro Seating\u00ae gew\u00e4hrt eine Garantie von 12 Monaten nach Lieferdatum.<\/p>\n","protected":false},"excerpt":{"rendered":"<p>Lieferinformationen Bei Pro Seating\u00ae legen wir gro\u00dfen Wert darauf, unsere Zusagen einzuhalten. Darum garantiert Pro Seating\u00ae Ihnen eine Lieferung innerhalb von 5 Werktagen nach Eingang Ihrer Bestellung. So k\u00f6nnen Sie<a href=\"https:\/\/proseating.nl\/de\/kontakt\/service\/\"><button class=\"btn\">Lesen Sie mehr<\/button><\/a><\/p>\n","protected":false},"author":1,"featured_media":0,"parent":1820,"menu_order":0,"comment_status":"closed","ping_status":"closed","template":"","meta":{"_acf_changed":false,"footnotes":""},"class_list":["post-1865","page","type-page","status-publish","hentry"],"acf":[],"yoast_head":"<!-- This site is optimized with the Yoast SEO plugin v27.2 - https:\/\/yoast.com\/product\/yoast-seo-wordpress\/ -->\n<title>Service - Pro Seating<\/title>\n<meta name=\"robots\" content=\"index, follow, max-snippet:-1, max-image-preview:large, max-video-preview:-1\" \/>\n<link rel=\"canonical\" href=\"https:\/\/proseating.nl\/de\/kontakt\/service\/\" \/>\n<meta property=\"og:locale\" content=\"de_DE\" \/>\n<meta property=\"og:type\" content=\"article\" \/>\n<meta property=\"og:title\" content=\"Service - Pro Seating\" \/>\n<meta property=\"og:description\" content=\"Lieferinformationen Bei Pro Seating\u00ae legen wir gro\u00dfen Wert darauf, unsere Zusagen einzuhalten. Darum garantiert Pro Seating\u00ae Ihnen eine Lieferung innerhalb von 5 Werktagen nach Eingang Ihrer Bestellung. So k\u00f6nnen SieLesen Sie mehr\" \/>\n<meta property=\"og:url\" content=\"https:\/\/proseating.nl\/de\/kontakt\/service\/\" \/>\n<meta property=\"og:site_name\" content=\"Pro Seating\" \/>\n<meta property=\"article:publisher\" content=\"https:\/\/www.facebook.com\/ProSeating\/\" \/>\n<meta property=\"article:modified_time\" content=\"2018-01-26T15:53:23+00:00\" \/>\n<meta name=\"twitter:card\" content=\"summary_large_image\" \/>\n<meta name=\"twitter:label1\" content=\"Gesch\u00e4tzte Lesezeit\" \/>\n\t<meta name=\"twitter:data1\" content=\"1\u00a0Minute\" \/>\n<script type=\"application\/ld+json\" class=\"yoast-schema-graph\">{\"@context\":\"https:\/\/schema.org\",\"@graph\":[{\"@type\":\"WebPage\",\"@id\":\"https:\/\/proseating.nl\/de\/kontakt\/service\/\",\"url\":\"https:\/\/proseating.nl\/de\/kontakt\/service\/\",\"name\":\"Service - Pro Seating\",\"isPartOf\":{\"@id\":\"https:\/\/proseating.nl\/de\/#website\"},\"datePublished\":\"2016-06-10T14:28:33+00:00\",\"dateModified\":\"2018-01-26T15:53:23+00:00\",\"breadcrumb\":{\"@id\":\"https:\/\/proseating.nl\/de\/kontakt\/service\/#breadcrumb\"},\"inLanguage\":\"de\",\"potentialAction\":[{\"@type\":\"ReadAction\",\"target\":[\"https:\/\/proseating.nl\/de\/kontakt\/service\/\"]}]},{\"@type\":\"BreadcrumbList\",\"@id\":\"https:\/\/proseating.nl\/de\/kontakt\/service\/#breadcrumb\",\"itemListElement\":[{\"@type\":\"ListItem\",\"position\":1,\"name\":\"Home\",\"item\":\"https:\/\/proseating.nl\/de\/\"},{\"@type\":\"ListItem\",\"position\":2,\"name\":\"Kontakt\",\"item\":\"https:\/\/proseating.nl\/de\/kontakt\/\"},{\"@type\":\"ListItem\",\"position\":3,\"name\":\"Service\"}]},{\"@type\":\"WebSite\",\"@id\":\"https:\/\/proseating.nl\/de\/#website\",\"url\":\"https:\/\/proseating.nl\/de\/\",\"name\":\"Pro Seating\",\"description\":\"CNC, houtbewerking, vormschuim, naaiatelier, stofferen, revalidatiestoffering, rolstoelkussen, kussens voor medische behandelstoelen, revalidatiestoffering.\",\"potentialAction\":[{\"@type\":\"SearchAction\",\"target\":{\"@type\":\"EntryPoint\",\"urlTemplate\":\"https:\/\/proseating.nl\/de\/?s={search_term_string}\"},\"query-input\":{\"@type\":\"PropertyValueSpecification\",\"valueRequired\":true,\"valueName\":\"search_term_string\"}}],\"inLanguage\":\"de\"}]}<\/script>\n<!-- \/ Yoast SEO plugin. -->","yoast_head_json":{"title":"Service - Pro Seating","robots":{"index":"index","follow":"follow","max-snippet":"max-snippet:-1","max-image-preview":"max-image-preview:large","max-video-preview":"max-video-preview:-1"},"canonical":"https:\/\/proseating.nl\/de\/kontakt\/service\/","og_locale":"de_DE","og_type":"article","og_title":"Service - Pro Seating","og_description":"Lieferinformationen Bei Pro Seating\u00ae legen wir gro\u00dfen Wert darauf, unsere Zusagen einzuhalten. Darum garantiert Pro Seating\u00ae Ihnen eine Lieferung innerhalb von 5 Werktagen nach Eingang Ihrer Bestellung. So k\u00f6nnen SieLesen Sie mehr","og_url":"https:\/\/proseating.nl\/de\/kontakt\/service\/","og_site_name":"Pro Seating","article_publisher":"https:\/\/www.facebook.com\/ProSeating\/","article_modified_time":"2018-01-26T15:53:23+00:00","twitter_card":"summary_large_image","twitter_misc":{"Gesch\u00e4tzte Lesezeit":"1\u00a0Minute"},"schema":{"@context":"https:\/\/schema.org","@graph":[{"@type":"WebPage","@id":"https:\/\/proseating.nl\/de\/kontakt\/service\/","url":"https:\/\/proseating.nl\/de\/kontakt\/service\/","name":"Service - Pro Seating","isPartOf":{"@id":"https:\/\/proseating.nl\/de\/#website"},"datePublished":"2016-06-10T14:28:33+00:00","dateModified":"2018-01-26T15:53:23+00:00","breadcrumb":{"@id":"https:\/\/proseating.nl\/de\/kontakt\/service\/#breadcrumb"},"inLanguage":"de","potentialAction":[{"@type":"ReadAction","target":["https:\/\/proseating.nl\/de\/kontakt\/service\/"]}]},{"@type":"BreadcrumbList","@id":"https:\/\/proseating.nl\/de\/kontakt\/service\/#breadcrumb","itemListElement":[{"@type":"ListItem","position":1,"name":"Home","item":"https:\/\/proseating.nl\/de\/"},{"@type":"ListItem","position":2,"name":"Kontakt","item":"https:\/\/proseating.nl\/de\/kontakt\/"},{"@type":"ListItem","position":3,"name":"Service"}]},{"@type":"WebSite","@id":"https:\/\/proseating.nl\/de\/#website","url":"https:\/\/proseating.nl\/de\/","name":"Pro Seating","description":"CNC, houtbewerking, vormschuim, naaiatelier, stofferen, revalidatiestoffering, rolstoelkussen, kussens voor medische behandelstoelen, revalidatiestoffering.","potentialAction":[{"@type":"SearchAction","target":{"@type":"EntryPoint","urlTemplate":"https:\/\/proseating.nl\/de\/?s={search_term_string}"},"query-input":{"@type":"PropertyValueSpecification","valueRequired":true,"valueName":"search_term_string"}}],"inLanguage":"de"}]}},"_links":{"self":[{"href":"https:\/\/proseating.nl\/de\/wp-json\/wp\/v2\/pages\/1865","targetHints":{"allow":["GET"]}}],"collection":[{"href":"https:\/\/proseating.nl\/de\/wp-json\/wp\/v2\/pages"}],"about":[{"href":"https:\/\/proseating.nl\/de\/wp-json\/wp\/v2\/types\/page"}],"author":[{"embeddable":true,"href":"https:\/\/proseating.nl\/de\/wp-json\/wp\/v2\/users\/1"}],"replies":[{"embeddable":true,"href":"https:\/\/proseating.nl\/de\/wp-json\/wp\/v2\/comments?post=1865"}],"version-history":[{"count":5,"href":"https:\/\/proseating.nl\/de\/wp-json\/wp\/v2\/pages\/1865\/revisions"}],"predecessor-version":[{"id":2598,"href":"https:\/\/proseating.nl\/de\/wp-json\/wp\/v2\/pages\/1865\/revisions\/2598"}],"up":[{"embeddable":true,"href":"https:\/\/proseating.nl\/de\/wp-json\/wp\/v2\/pages\/1820"}],"wp:attachment":[{"href":"https:\/\/proseating.nl\/de\/wp-json\/wp\/v2\/media?parent=1865"}],"curies":[{"name":"wp","href":"https:\/\/api.w.org\/{rel}","templated":true}]}}