{"id":1850,"date":"2016-06-10T16:28:13","date_gmt":"2016-06-10T14:28:13","guid":{"rendered":"http:\/\/proseating.nl\/uber-uns\/kwaliteit\/?lang=de"},"modified":"2018-01-26T16:40:52","modified_gmt":"2018-01-26T15:40:52","slug":"kwaliteit","status":"publish","type":"page","link":"https:\/\/proseating.nl\/de\/uber-uns\/kwaliteit\/","title":{"rendered":"Qualit\u00e4t"},"content":{"rendered":"<p>Qualit\u00e4t wird bei Pro Seating\u00ae gro\u00dfgeschrieben. Die Sitzsysteme von Pro Seating\u00ae werden in<br \/>\nden Niederlanden gefertigt. Von unseren Zulieferern erwarten wir Qualit\u00e4t, Flexibilit\u00e4t und Liefer-<br \/>\n zuverl\u00e4ssigkeit, und dasselbe d\u00fcrfen Sie auch von uns erwarten.<\/p>\n<p><strong>Ma\u00dfarbeit<\/strong><br \/>\nWir verf\u00fcgen \u00fcber einen Hightech-Maschinenpark, mit dem wir auch Ihnen L\u00f6sungen nach Ma\u00df liefern k\u00f6nnen. In der Rubrik \u201eProdukte\u201c finden Sie die Produkte, die wir innerhalb von 5 Werktagen f\u00fcr Sie herstellen k\u00f6nnen; auf Anfrage k\u00f6nnen wir selbstverst\u00e4ndlich auch ma\u00dfgefertigte Produkte liefern.<\/p>\n<p>Die Sitz- und R\u00fcckensysteme von Pro Seating\u00ae k\u00f6nnen in jeder von Ihnen gew\u00fcnschten Farbe her- gestellt werden. Nat\u00fcrlich k\u00f6nnen wir auch einen exklusiven Farbstil f\u00fcr Sie entwickeln. Die Etiketten k\u00f6nnen auf Wunsch mit Ihrem Logo oder Namen versehen werden.<\/p>\n<p><strong>Warum Pro Seating\u00ae?<\/strong><\/p>\n<ul>\n<li>Ein universelles Sitz- und R\u00fcckensystem<\/li>\n<li>Lieferung innerhalb von 5 Werktagen<\/li>\n<li>Bis zu 75 % H\u00e4ndler- und Herstellerrabatt<\/li>\n<li>Produkte in der Wunschfarbe mit Ihren eigenen Etiketten<\/li>\n<li>Qualitativ hochwertige Produkte, die alle Anforderungen an Umweltschutz, Sicherheit, Gesundheit<br \/>\nund Verbraucherschutz gem\u00e4\u00df den einschl\u00e4gigen EU-Richtlinien erf\u00fcllen.<\/li>\n<\/ul>\n<p>&nbsp;<\/p>\n<p><strong>Zertifizierungen<\/strong><br \/>\nDie R\u00fccken- und Sitzsysteme von Pro Seating\u00ae sind beim niederl\u00e4ndischen Gesundheitsministerium<br \/>\nals rehabilitationstechnische Hilfsmittel angemeldet. Au\u00dferdem entsprechen unsere Produkte den Ergonomievorschriften und dem Kodex f\u00fcr die sichere Bef\u00f6rderung von Rollstuhlfahrern (Code Veilig Vervoer Rolstoelinzittenden\/VVR). F\u00fcr die Bef\u00f6rderung von Rollstuhlfahrern gelten nicht nur gesetzliche Vorschriften, sondern auch klare Verhaltensregeln, die im VVR-Kodex niedergelegt sind. Dar\u00fcber hinaus entsprechen unsere Produkte den Brandschutznormen EN 1021-1 (2006) und EN 1021-2 (2006).<\/p>\n<p>Laden Sie hier unsere Brandschutzzertifikate herunter.<\/p>\n<p><a href=\"http:\/\/www.proseating.nl\/wp-content\/uploads\/2013\/12\/Pro_SkinR.pdf\" target=\"_blank\" rel=\"noopener\">Pro Skin\u00ae<br \/>\n<\/a><a href=\"http:\/\/www.proseating.nl\/wp-content\/uploads\/2013\/12\/Pro_InconR.pdf\" target=\"_blank\" rel=\"noopener\">Pro Incon\u00ae<br \/>\n<\/a><a href=\"http:\/\/www.proseating.nl\/wp-content\/uploads\/2013\/12\/Pro_VelourR.pdf\" target=\"_blank\" rel=\"noopener\">Pro Velour\u00ae<br \/>\n<\/a><a href=\"http:\/\/www.proseating.nl\/wp-content\/uploads\/2013\/12\/Pro_AirR.pdf\" target=\"_blank\" rel=\"noopener\">Pro Air\u00ae<br \/>\n<\/a><a href=\"http:\/\/www.proseating.nl\/wp-content\/uploads\/2013\/12\/Pro_BadstofR.pdf\" target=\"_blank\" rel=\"noopener\">Pro Badstof\u00ae<br \/>\n<\/a><a href=\"http:\/\/www.proseating.nl\/wp-content\/uploads\/2013\/12\/AmblaTintoNubianBlack.pdf\" target=\"_blank\" rel=\"noopener\">Ambla Tinto Nubian<\/a><\/p>\n<p><strong>Die Sitz- und R\u00fcckensysteme von Pro Seating\u00ae im Crashtest<\/strong><br \/>\nPro Seating\u00ae erf\u00fcllt die Norm ISO 7176-19. Zur Gew\u00e4hrleistung der Sicherheit und Qualit\u00e4t des Sitz- und R\u00fcckensystems von Pro Seating\u00ae wurde beim Forschungsinstitut TNO ein Crashtest in Auftrag gegeben. Daraus ging hervor, dass das Sitz- und R\u00fcckensystem von Pro Seating\u00ae alle Anforderungen der Norm ISO 7176-19 erf\u00fcllt. Pro Seating\u00ae hat als Hersteller die volle Verantwortung f\u00fcr die angebotenen Produkte. Die Anwendung der richtigen Normen bietet ein hohes Ma\u00df an Sicherheit hinsichtlich der Unbedenklichkeit der Produkte. Das ist im Interesse sowohl des Herstellers als auch<br \/>\ndes Verbrauchers.<\/p>\n","protected":false},"excerpt":{"rendered":"<p>Qualit\u00e4t wird bei Pro Seating\u00ae gro\u00dfgeschrieben. Die Sitzsysteme von Pro Seating\u00ae werden in den Niederlanden gefertigt. Von unseren Zulieferern erwarten wir Qualit\u00e4t, Flexibilit\u00e4t und Liefer- zuverl\u00e4ssigkeit, und dasselbe d\u00fcrfen Sie<a href=\"https:\/\/proseating.nl\/de\/uber-uns\/kwaliteit\/\"><button class=\"btn\">Lesen Sie mehr<\/button><\/a><\/p>\n","protected":false},"author":1,"featured_media":0,"parent":1833,"menu_order":0,"comment_status":"closed","ping_status":"closed","template":"","meta":{"_acf_changed":false,"footnotes":""},"class_list":["post-1850","page","type-page","status-publish","hentry"],"acf":[],"yoast_head":"<!-- This site is optimized with the Yoast SEO plugin v27.2 - https:\/\/yoast.com\/product\/yoast-seo-wordpress\/ -->\n<title>Qualit\u00e4t - Pro Seating<\/title>\n<meta name=\"robots\" content=\"index, follow, max-snippet:-1, max-image-preview:large, max-video-preview:-1\" \/>\n<link rel=\"canonical\" href=\"https:\/\/proseating.nl\/de\/uber-uns\/kwaliteit\/\" \/>\n<meta property=\"og:locale\" content=\"de_DE\" \/>\n<meta property=\"og:type\" content=\"article\" \/>\n<meta property=\"og:title\" content=\"Qualit\u00e4t - Pro Seating\" \/>\n<meta property=\"og:description\" content=\"Qualit\u00e4t wird bei Pro Seating\u00ae gro\u00dfgeschrieben. Die Sitzsysteme von Pro Seating\u00ae werden in den Niederlanden gefertigt. Von unseren Zulieferern erwarten wir Qualit\u00e4t, Flexibilit\u00e4t und Liefer- zuverl\u00e4ssigkeit, und dasselbe d\u00fcrfen SieLesen Sie mehr\" \/>\n<meta property=\"og:url\" content=\"https:\/\/proseating.nl\/de\/uber-uns\/kwaliteit\/\" \/>\n<meta property=\"og:site_name\" content=\"Pro Seating\" \/>\n<meta property=\"article:publisher\" content=\"https:\/\/www.facebook.com\/ProSeating\/\" \/>\n<meta property=\"article:modified_time\" content=\"2018-01-26T15:40:52+00:00\" \/>\n<meta name=\"twitter:card\" content=\"summary_large_image\" \/>\n<meta name=\"twitter:label1\" content=\"Gesch\u00e4tzte Lesezeit\" \/>\n\t<meta name=\"twitter:data1\" content=\"2\u00a0Minuten\" \/>\n<script type=\"application\/ld+json\" class=\"yoast-schema-graph\">{\"@context\":\"https:\/\/schema.org\",\"@graph\":[{\"@type\":\"WebPage\",\"@id\":\"https:\/\/proseating.nl\/de\/uber-uns\/kwaliteit\/\",\"url\":\"https:\/\/proseating.nl\/de\/uber-uns\/kwaliteit\/\",\"name\":\"Qualit\u00e4t - Pro Seating\",\"isPartOf\":{\"@id\":\"https:\/\/proseating.nl\/de\/#website\"},\"datePublished\":\"2016-06-10T14:28:13+00:00\",\"dateModified\":\"2018-01-26T15:40:52+00:00\",\"breadcrumb\":{\"@id\":\"https:\/\/proseating.nl\/de\/uber-uns\/kwaliteit\/#breadcrumb\"},\"inLanguage\":\"de\",\"potentialAction\":[{\"@type\":\"ReadAction\",\"target\":[\"https:\/\/proseating.nl\/de\/uber-uns\/kwaliteit\/\"]}]},{\"@type\":\"BreadcrumbList\",\"@id\":\"https:\/\/proseating.nl\/de\/uber-uns\/kwaliteit\/#breadcrumb\",\"itemListElement\":[{\"@type\":\"ListItem\",\"position\":1,\"name\":\"Home\",\"item\":\"https:\/\/proseating.nl\/de\/\"},{\"@type\":\"ListItem\",\"position\":2,\"name\":\"\u00dcber uns\",\"item\":\"https:\/\/proseating.nl\/de\/uber-uns\/\"},{\"@type\":\"ListItem\",\"position\":3,\"name\":\"Qualit\u00e4t\"}]},{\"@type\":\"WebSite\",\"@id\":\"https:\/\/proseating.nl\/de\/#website\",\"url\":\"https:\/\/proseating.nl\/de\/\",\"name\":\"Pro Seating\",\"description\":\"CNC, houtbewerking, vormschuim, naaiatelier, stofferen, revalidatiestoffering, rolstoelkussen, kussens voor medische behandelstoelen, revalidatiestoffering.\",\"potentialAction\":[{\"@type\":\"SearchAction\",\"target\":{\"@type\":\"EntryPoint\",\"urlTemplate\":\"https:\/\/proseating.nl\/de\/?s={search_term_string}\"},\"query-input\":{\"@type\":\"PropertyValueSpecification\",\"valueRequired\":true,\"valueName\":\"search_term_string\"}}],\"inLanguage\":\"de\"}]}<\/script>\n<!-- \/ Yoast SEO plugin. -->","yoast_head_json":{"title":"Qualit\u00e4t - Pro Seating","robots":{"index":"index","follow":"follow","max-snippet":"max-snippet:-1","max-image-preview":"max-image-preview:large","max-video-preview":"max-video-preview:-1"},"canonical":"https:\/\/proseating.nl\/de\/uber-uns\/kwaliteit\/","og_locale":"de_DE","og_type":"article","og_title":"Qualit\u00e4t - Pro Seating","og_description":"Qualit\u00e4t wird bei Pro Seating\u00ae gro\u00dfgeschrieben. Die Sitzsysteme von Pro Seating\u00ae werden in den Niederlanden gefertigt. Von unseren Zulieferern erwarten wir Qualit\u00e4t, Flexibilit\u00e4t und Liefer- zuverl\u00e4ssigkeit, und dasselbe d\u00fcrfen SieLesen Sie mehr","og_url":"https:\/\/proseating.nl\/de\/uber-uns\/kwaliteit\/","og_site_name":"Pro Seating","article_publisher":"https:\/\/www.facebook.com\/ProSeating\/","article_modified_time":"2018-01-26T15:40:52+00:00","twitter_card":"summary_large_image","twitter_misc":{"Gesch\u00e4tzte Lesezeit":"2\u00a0Minuten"},"schema":{"@context":"https:\/\/schema.org","@graph":[{"@type":"WebPage","@id":"https:\/\/proseating.nl\/de\/uber-uns\/kwaliteit\/","url":"https:\/\/proseating.nl\/de\/uber-uns\/kwaliteit\/","name":"Qualit\u00e4t - Pro Seating","isPartOf":{"@id":"https:\/\/proseating.nl\/de\/#website"},"datePublished":"2016-06-10T14:28:13+00:00","dateModified":"2018-01-26T15:40:52+00:00","breadcrumb":{"@id":"https:\/\/proseating.nl\/de\/uber-uns\/kwaliteit\/#breadcrumb"},"inLanguage":"de","potentialAction":[{"@type":"ReadAction","target":["https:\/\/proseating.nl\/de\/uber-uns\/kwaliteit\/"]}]},{"@type":"BreadcrumbList","@id":"https:\/\/proseating.nl\/de\/uber-uns\/kwaliteit\/#breadcrumb","itemListElement":[{"@type":"ListItem","position":1,"name":"Home","item":"https:\/\/proseating.nl\/de\/"},{"@type":"ListItem","position":2,"name":"\u00dcber uns","item":"https:\/\/proseating.nl\/de\/uber-uns\/"},{"@type":"ListItem","position":3,"name":"Qualit\u00e4t"}]},{"@type":"WebSite","@id":"https:\/\/proseating.nl\/de\/#website","url":"https:\/\/proseating.nl\/de\/","name":"Pro Seating","description":"CNC, houtbewerking, vormschuim, naaiatelier, stofferen, revalidatiestoffering, rolstoelkussen, kussens voor medische behandelstoelen, revalidatiestoffering.","potentialAction":[{"@type":"SearchAction","target":{"@type":"EntryPoint","urlTemplate":"https:\/\/proseating.nl\/de\/?s={search_term_string}"},"query-input":{"@type":"PropertyValueSpecification","valueRequired":true,"valueName":"search_term_string"}}],"inLanguage":"de"}]}},"_links":{"self":[{"href":"https:\/\/proseating.nl\/de\/wp-json\/wp\/v2\/pages\/1850","targetHints":{"allow":["GET"]}}],"collection":[{"href":"https:\/\/proseating.nl\/de\/wp-json\/wp\/v2\/pages"}],"about":[{"href":"https:\/\/proseating.nl\/de\/wp-json\/wp\/v2\/types\/page"}],"author":[{"embeddable":true,"href":"https:\/\/proseating.nl\/de\/wp-json\/wp\/v2\/users\/1"}],"replies":[{"embeddable":true,"href":"https:\/\/proseating.nl\/de\/wp-json\/wp\/v2\/comments?post=1850"}],"version-history":[{"count":5,"href":"https:\/\/proseating.nl\/de\/wp-json\/wp\/v2\/pages\/1850\/revisions"}],"predecessor-version":[{"id":2587,"href":"https:\/\/proseating.nl\/de\/wp-json\/wp\/v2\/pages\/1850\/revisions\/2587"}],"up":[{"embeddable":true,"href":"https:\/\/proseating.nl\/de\/wp-json\/wp\/v2\/pages\/1833"}],"wp:attachment":[{"href":"https:\/\/proseating.nl\/de\/wp-json\/wp\/v2\/media?parent=1850"}],"curies":[{"name":"wp","href":"https:\/\/api.w.org\/{rel}","templated":true}]}}