{"id":1833,"date":"2016-06-10T09:02:59","date_gmt":"2016-06-10T07:02:59","guid":{"rendered":"http:\/\/proseating.nl\/over-ons\/?lang=de"},"modified":"2018-01-29T15:37:46","modified_gmt":"2018-01-29T14:37:46","slug":"uber-uns","status":"publish","type":"page","link":"https:\/\/proseating.nl\/de\/uber-uns\/","title":{"rendered":"\u00dcber uns"},"content":{"rendered":"<p>Pro Seating\u00ae ist in Helmond (Niederlande) ans\u00e4ssig und ein Experte f\u00fcr Sitzkomfort mit \u00fcber 17 Jahren Erfahrung in der Rehabilitationsbranche. Pro Seating\u00ae liefert ein universelles R\u00fccken- und Sitzsystem, das sich auf fast alle Starrrahmenrollst\u00fchle montieren l\u00e4sst. Au\u00dferdem liefern wir alle zugeh\u00f6rigen Accessoires an H\u00e4ndler und Hersteller von Rollst\u00fchlen.<\/p>\n<p><strong>Innovation<\/strong><br \/>\nInnovation wird bei Pro Seating\u00ae gro\u00dfgeschrieben. Mit Unterst\u00fctzung des technischen Wissens von Bayer haben wir ein neues Produktionsverfahren f\u00fcr die Herstellung von R\u00fccken- und Sitzsystemen<br \/>\naus Kaltformschaum entwickelt.<\/p>\n<p><strong>Logistische Vorteile<\/strong><br \/>\nUnsere Sitzsysteme erf\u00fcllen alle ergonomischen Anforderungen und sind innerhalb von 5 Werktagen<br \/>\nzu g\u00fcnstigen Preisen lieferbar. Die kurzen Lieferzeiten und die universelle Verwendbarkeit bieten Ihnen logistische Vorteile. Sie sparen n\u00e4mlich nicht nur Lagerraum, sondern auch Zinsen, w\u00e4hrend das Risiko sinkt. Wenn Sie weniger Produkte vorr\u00e4tig haben m\u00fcssen, brauchen Sie weniger Lagerraum, und dank der universellen Verwendbarkeit haben Sie immer das richtige Produkt auf Lager.<\/p>\n<p><strong>Warum sollten Sie sich als Rollstuhlh\u00e4ndler oder -hersteller f\u00fcr Pro Seating\u00ae entscheiden?<\/strong><\/p>\n<li>Ein universelles Sitz- und R\u00fcckensystem <\/li>\n<li>Lieferung innerhalb von 5 Werktagen <\/li>\n<li>Bis zu 75 % H\u00e4ndler- und Herstellerrabatt <\/li>\n<li>Produkte in der Wunschfarbe mit Ihren eigenen Etiketten <\/li>\n<li>Qualitativ hochwertige Produkte, die alle Anforderungen an Umweltschutz, Sicherheit,<br \/>\n&nbsp;&nbsp;&nbsp;&nbsp;&nbsp;&nbsp;Gesundheit und Verbraucherschutz gem\u00e4\u00df den einschl\u00e4gigen EU-Richtlinien erf\u00fcllen.<\/li>\n<p><\/p>\n<p><strong>Unternehmensfilm<\/strong><br \/>\nUnser Unternehmensfilm vermittelt Ihnen ein gutes Bild der T\u00e4tigkeiten und der Arbeitsweise<br \/>\nvon Pro Seating\u00ae.<\/p>\n<p><iframe loading=\"lazy\" title=\"Pro Seating\u00ae Unternehmensfilm\" width=\"500\" height=\"281\" src=\"https:\/\/www.youtube.com\/embed\/uQizxXM-kRQ?start=13&#038;feature=oembed\" frameborder=\"0\" allow=\"accelerometer; autoplay; clipboard-write; encrypted-media; gyroscope; picture-in-picture; web-share\" referrerpolicy=\"strict-origin-when-cross-origin\" allowfullscreen><\/iframe><\/p>\n","protected":false},"excerpt":{"rendered":"<p>Pro Seating\u00ae ist in Helmond (Niederlande) ans\u00e4ssig und ein Experte f\u00fcr Sitzkomfort mit \u00fcber 17 Jahren Erfahrung in der Rehabilitationsbranche. Pro Seating\u00ae liefert ein universelles R\u00fccken- und Sitzsystem, das sich<a href=\"https:\/\/proseating.nl\/de\/uber-uns\/\"><button class=\"btn\">Lesen Sie mehr<\/button><\/a><\/p>\n","protected":false},"author":1,"featured_media":0,"parent":0,"menu_order":0,"comment_status":"closed","ping_status":"closed","template":"","meta":{"_acf_changed":false,"footnotes":""},"class_list":["post-1833","page","type-page","status-publish","hentry"],"acf":[],"yoast_head":"<!-- This site is optimized with the Yoast SEO plugin v27.2 - https:\/\/yoast.com\/product\/yoast-seo-wordpress\/ -->\n<title>\u00dcber uns - Pro Seating<\/title>\n<meta name=\"robots\" content=\"index, follow, max-snippet:-1, max-image-preview:large, max-video-preview:-1\" \/>\n<link rel=\"canonical\" href=\"https:\/\/proseating.nl\/de\/uber-uns\/\" \/>\n<meta property=\"og:locale\" content=\"de_DE\" \/>\n<meta property=\"og:type\" content=\"article\" \/>\n<meta property=\"og:title\" content=\"\u00dcber uns - Pro Seating\" \/>\n<meta property=\"og:description\" content=\"Pro Seating\u00ae ist in Helmond (Niederlande) ans\u00e4ssig und ein Experte f\u00fcr Sitzkomfort mit \u00fcber 17 Jahren Erfahrung in der Rehabilitationsbranche. Pro Seating\u00ae liefert ein universelles R\u00fccken- und Sitzsystem, das sichLesen Sie mehr\" \/>\n<meta property=\"og:url\" content=\"https:\/\/proseating.nl\/de\/uber-uns\/\" \/>\n<meta property=\"og:site_name\" content=\"Pro Seating\" \/>\n<meta property=\"article:publisher\" content=\"https:\/\/www.facebook.com\/ProSeating\/\" \/>\n<meta property=\"article:modified_time\" content=\"2018-01-29T14:37:46+00:00\" \/>\n<meta name=\"twitter:card\" content=\"summary_large_image\" \/>\n<meta name=\"twitter:label1\" content=\"Gesch\u00e4tzte Lesezeit\" \/>\n\t<meta name=\"twitter:data1\" content=\"1\u00a0Minute\" \/>\n<script type=\"application\/ld+json\" class=\"yoast-schema-graph\">{\"@context\":\"https:\/\/schema.org\",\"@graph\":[{\"@type\":\"WebPage\",\"@id\":\"https:\/\/proseating.nl\/de\/uber-uns\/\",\"url\":\"https:\/\/proseating.nl\/de\/uber-uns\/\",\"name\":\"\u00dcber uns - Pro Seating\",\"isPartOf\":{\"@id\":\"https:\/\/proseating.nl\/de\/#website\"},\"datePublished\":\"2016-06-10T07:02:59+00:00\",\"dateModified\":\"2018-01-29T14:37:46+00:00\",\"breadcrumb\":{\"@id\":\"https:\/\/proseating.nl\/de\/uber-uns\/#breadcrumb\"},\"inLanguage\":\"de\",\"potentialAction\":[{\"@type\":\"ReadAction\",\"target\":[\"https:\/\/proseating.nl\/de\/uber-uns\/\"]}]},{\"@type\":\"BreadcrumbList\",\"@id\":\"https:\/\/proseating.nl\/de\/uber-uns\/#breadcrumb\",\"itemListElement\":[{\"@type\":\"ListItem\",\"position\":1,\"name\":\"Home\",\"item\":\"https:\/\/proseating.nl\/de\/\"},{\"@type\":\"ListItem\",\"position\":2,\"name\":\"\u00dcber uns\"}]},{\"@type\":\"WebSite\",\"@id\":\"https:\/\/proseating.nl\/de\/#website\",\"url\":\"https:\/\/proseating.nl\/de\/\",\"name\":\"Pro Seating\",\"description\":\"CNC, houtbewerking, vormschuim, naaiatelier, stofferen, revalidatiestoffering, rolstoelkussen, kussens voor medische behandelstoelen, revalidatiestoffering.\",\"potentialAction\":[{\"@type\":\"SearchAction\",\"target\":{\"@type\":\"EntryPoint\",\"urlTemplate\":\"https:\/\/proseating.nl\/de\/?s={search_term_string}\"},\"query-input\":{\"@type\":\"PropertyValueSpecification\",\"valueRequired\":true,\"valueName\":\"search_term_string\"}}],\"inLanguage\":\"de\"}]}<\/script>\n<!-- \/ Yoast SEO plugin. -->","yoast_head_json":{"title":"\u00dcber uns - Pro Seating","robots":{"index":"index","follow":"follow","max-snippet":"max-snippet:-1","max-image-preview":"max-image-preview:large","max-video-preview":"max-video-preview:-1"},"canonical":"https:\/\/proseating.nl\/de\/uber-uns\/","og_locale":"de_DE","og_type":"article","og_title":"\u00dcber uns - Pro Seating","og_description":"Pro Seating\u00ae ist in Helmond (Niederlande) ans\u00e4ssig und ein Experte f\u00fcr Sitzkomfort mit \u00fcber 17 Jahren Erfahrung in der Rehabilitationsbranche. Pro Seating\u00ae liefert ein universelles R\u00fccken- und Sitzsystem, das sichLesen Sie mehr","og_url":"https:\/\/proseating.nl\/de\/uber-uns\/","og_site_name":"Pro Seating","article_publisher":"https:\/\/www.facebook.com\/ProSeating\/","article_modified_time":"2018-01-29T14:37:46+00:00","twitter_card":"summary_large_image","twitter_misc":{"Gesch\u00e4tzte Lesezeit":"1\u00a0Minute"},"schema":{"@context":"https:\/\/schema.org","@graph":[{"@type":"WebPage","@id":"https:\/\/proseating.nl\/de\/uber-uns\/","url":"https:\/\/proseating.nl\/de\/uber-uns\/","name":"\u00dcber uns - Pro Seating","isPartOf":{"@id":"https:\/\/proseating.nl\/de\/#website"},"datePublished":"2016-06-10T07:02:59+00:00","dateModified":"2018-01-29T14:37:46+00:00","breadcrumb":{"@id":"https:\/\/proseating.nl\/de\/uber-uns\/#breadcrumb"},"inLanguage":"de","potentialAction":[{"@type":"ReadAction","target":["https:\/\/proseating.nl\/de\/uber-uns\/"]}]},{"@type":"BreadcrumbList","@id":"https:\/\/proseating.nl\/de\/uber-uns\/#breadcrumb","itemListElement":[{"@type":"ListItem","position":1,"name":"Home","item":"https:\/\/proseating.nl\/de\/"},{"@type":"ListItem","position":2,"name":"\u00dcber uns"}]},{"@type":"WebSite","@id":"https:\/\/proseating.nl\/de\/#website","url":"https:\/\/proseating.nl\/de\/","name":"Pro Seating","description":"CNC, houtbewerking, vormschuim, naaiatelier, stofferen, revalidatiestoffering, rolstoelkussen, kussens voor medische behandelstoelen, revalidatiestoffering.","potentialAction":[{"@type":"SearchAction","target":{"@type":"EntryPoint","urlTemplate":"https:\/\/proseating.nl\/de\/?s={search_term_string}"},"query-input":{"@type":"PropertyValueSpecification","valueRequired":true,"valueName":"search_term_string"}}],"inLanguage":"de"}]}},"_links":{"self":[{"href":"https:\/\/proseating.nl\/de\/wp-json\/wp\/v2\/pages\/1833","targetHints":{"allow":["GET"]}}],"collection":[{"href":"https:\/\/proseating.nl\/de\/wp-json\/wp\/v2\/pages"}],"about":[{"href":"https:\/\/proseating.nl\/de\/wp-json\/wp\/v2\/types\/page"}],"author":[{"embeddable":true,"href":"https:\/\/proseating.nl\/de\/wp-json\/wp\/v2\/users\/1"}],"replies":[{"embeddable":true,"href":"https:\/\/proseating.nl\/de\/wp-json\/wp\/v2\/comments?post=1833"}],"version-history":[{"count":5,"href":"https:\/\/proseating.nl\/de\/wp-json\/wp\/v2\/pages\/1833\/revisions"}],"predecessor-version":[{"id":2618,"href":"https:\/\/proseating.nl\/de\/wp-json\/wp\/v2\/pages\/1833\/revisions\/2618"}],"wp:attachment":[{"href":"https:\/\/proseating.nl\/de\/wp-json\/wp\/v2\/media?parent=1833"}],"curies":[{"name":"wp","href":"https:\/\/api.w.org\/{rel}","templated":true}]}}