{"id":1641,"date":"2017-05-12T14:21:52","date_gmt":"2017-05-12T12:21:52","guid":{"rendered":"http:\/\/proseating.nl\/?page_id=1641&#038;lang=de"},"modified":"2018-02-15T14:35:09","modified_gmt":"2018-02-15T13:35:09","slug":"produkte","status":"publish","type":"page","link":"https:\/\/proseating.nl\/de\/produkte\/","title":{"rendered":"Produkte"},"content":{"rendered":"<p>Pro Seating\u00ae stellt als Experte f\u00fcr Sitzkomfort Rollstuhlkissen, Sitz- und R\u00fcckensysteme f\u00fcr Rollst\u00fchle sowie Kissen f\u00fcr medizinische Behandlungsst\u00fchle her. Wir liefern ein breites Sortiment von Qualit\u00e4tsprodukten. All unsere Produkte stehen f\u00fcr bew\u00e4hrte Qualit\u00e4t, Klasse und Zuverl\u00e4ssigkeit.<\/p>\n<p>Pro Seating\u00ae verf\u00fcgt \u00fcber mehr als 16 Jahre Erfahrung in der Rehabilitationsbranche und liefert ein universell einsetzbares R\u00fccken- und Sitzsystem mit allem Zubeh\u00f6r an H\u00e4ndler und Hersteller von Rollst\u00fchlen. Die Sitzsysteme lassen sich universell auf fast alle Starrrahmenrollst\u00fchle montieren.<\/p>\n<p>Die Herstellung der R\u00fccken- und Sitzsysteme von Pro Seating\u00ae erfolgt durch Kaltformsch\u00e4umen, ein neu entwickeltes Produktionsverfahren. Produkte aus Formschaum sind nachhaltig und auch f\u00fcr intensiven Gebrauch geeignet. Sie haben aber noch weitere gro\u00dfe Vorteile: Formsch\u00e4ume haben eine h\u00f6here Dichte, was die Herstellung formstabilerer Sitzsysteme erm\u00f6glicht und die Lebensdauer verl\u00e4ngert. Au\u00dferdem l\u00e4sst sich mit Formsch\u00e4umen die Ma\u00dfhaltigkeit der Sitzsysteme garantieren, wodurch sich Sitze und R\u00fcckenlehnen viel einfacher konditionieren lassen und alle per Rei\u00dfverschluss abtrennbaren Teile auch einzeln erh\u00e4ltlich sind.<\/p>\n","protected":false},"excerpt":{"rendered":"<p>Pro Seating\u00ae stellt als Experte f\u00fcr Sitzkomfort Rollstuhlkissen, Sitz- und R\u00fcckensysteme f\u00fcr Rollst\u00fchle sowie Kissen f\u00fcr medizinische Behandlungsst\u00fchle her. Wir liefern ein breites Sortiment von Qualit\u00e4tsprodukten. All unsere Produkte stehen<a href=\"https:\/\/proseating.nl\/de\/produkte\/\"><button class=\"btn\">Lesen Sie mehr<\/button><\/a><\/p>\n","protected":false},"author":2,"featured_media":0,"parent":0,"menu_order":0,"comment_status":"closed","ping_status":"closed","template":"single-producten.php","meta":{"_acf_changed":false,"footnotes":""},"class_list":["post-1641","page","type-page","status-publish","hentry"],"acf":[],"yoast_head":"<!-- This site is optimized with the Yoast SEO plugin v27.2 - https:\/\/yoast.com\/product\/yoast-seo-wordpress\/ -->\n<title>Produkte - Pro Seating<\/title>\n<meta name=\"robots\" content=\"index, follow, max-snippet:-1, max-image-preview:large, max-video-preview:-1\" \/>\n<link rel=\"canonical\" href=\"https:\/\/proseating.nl\/de\/produkte\/\" \/>\n<meta property=\"og:locale\" content=\"de_DE\" \/>\n<meta property=\"og:type\" content=\"article\" \/>\n<meta property=\"og:title\" content=\"Produkte - Pro Seating\" \/>\n<meta property=\"og:description\" content=\"Pro Seating\u00ae stellt als Experte f\u00fcr Sitzkomfort Rollstuhlkissen, Sitz- und R\u00fcckensysteme f\u00fcr Rollst\u00fchle sowie Kissen f\u00fcr medizinische Behandlungsst\u00fchle her. Wir liefern ein breites Sortiment von Qualit\u00e4tsprodukten. All unsere Produkte stehenLesen Sie mehr\" \/>\n<meta property=\"og:url\" content=\"https:\/\/proseating.nl\/de\/produkte\/\" \/>\n<meta property=\"og:site_name\" content=\"Pro Seating\" \/>\n<meta property=\"article:publisher\" content=\"https:\/\/www.facebook.com\/ProSeating\/\" \/>\n<meta property=\"article:modified_time\" content=\"2018-02-15T13:35:09+00:00\" \/>\n<meta name=\"twitter:card\" content=\"summary_large_image\" \/>\n<meta name=\"twitter:label1\" content=\"Gesch\u00e4tzte Lesezeit\" \/>\n\t<meta name=\"twitter:data1\" content=\"1\u00a0Minute\" \/>\n<script type=\"application\/ld+json\" class=\"yoast-schema-graph\">{\"@context\":\"https:\/\/schema.org\",\"@graph\":[{\"@type\":\"WebPage\",\"@id\":\"https:\/\/proseating.nl\/de\/produkte\/\",\"url\":\"https:\/\/proseating.nl\/de\/produkte\/\",\"name\":\"Produkte - Pro Seating\",\"isPartOf\":{\"@id\":\"https:\/\/proseating.nl\/de\/#website\"},\"datePublished\":\"2017-05-12T12:21:52+00:00\",\"dateModified\":\"2018-02-15T13:35:09+00:00\",\"breadcrumb\":{\"@id\":\"https:\/\/proseating.nl\/de\/produkte\/#breadcrumb\"},\"inLanguage\":\"de\",\"potentialAction\":[{\"@type\":\"ReadAction\",\"target\":[\"https:\/\/proseating.nl\/de\/produkte\/\"]}]},{\"@type\":\"BreadcrumbList\",\"@id\":\"https:\/\/proseating.nl\/de\/produkte\/#breadcrumb\",\"itemListElement\":[{\"@type\":\"ListItem\",\"position\":1,\"name\":\"Home\",\"item\":\"https:\/\/proseating.nl\/de\/\"},{\"@type\":\"ListItem\",\"position\":2,\"name\":\"Produkte\"}]},{\"@type\":\"WebSite\",\"@id\":\"https:\/\/proseating.nl\/de\/#website\",\"url\":\"https:\/\/proseating.nl\/de\/\",\"name\":\"Pro Seating\",\"description\":\"CNC, houtbewerking, vormschuim, naaiatelier, stofferen, revalidatiestoffering, rolstoelkussen, kussens voor medische behandelstoelen, revalidatiestoffering.\",\"potentialAction\":[{\"@type\":\"SearchAction\",\"target\":{\"@type\":\"EntryPoint\",\"urlTemplate\":\"https:\/\/proseating.nl\/de\/?s={search_term_string}\"},\"query-input\":{\"@type\":\"PropertyValueSpecification\",\"valueRequired\":true,\"valueName\":\"search_term_string\"}}],\"inLanguage\":\"de\"}]}<\/script>\n<!-- \/ Yoast SEO plugin. -->","yoast_head_json":{"title":"Produkte - Pro Seating","robots":{"index":"index","follow":"follow","max-snippet":"max-snippet:-1","max-image-preview":"max-image-preview:large","max-video-preview":"max-video-preview:-1"},"canonical":"https:\/\/proseating.nl\/de\/produkte\/","og_locale":"de_DE","og_type":"article","og_title":"Produkte - Pro Seating","og_description":"Pro Seating\u00ae stellt als Experte f\u00fcr Sitzkomfort Rollstuhlkissen, Sitz- und R\u00fcckensysteme f\u00fcr Rollst\u00fchle sowie Kissen f\u00fcr medizinische Behandlungsst\u00fchle her. Wir liefern ein breites Sortiment von Qualit\u00e4tsprodukten. All unsere Produkte stehenLesen Sie mehr","og_url":"https:\/\/proseating.nl\/de\/produkte\/","og_site_name":"Pro Seating","article_publisher":"https:\/\/www.facebook.com\/ProSeating\/","article_modified_time":"2018-02-15T13:35:09+00:00","twitter_card":"summary_large_image","twitter_misc":{"Gesch\u00e4tzte Lesezeit":"1\u00a0Minute"},"schema":{"@context":"https:\/\/schema.org","@graph":[{"@type":"WebPage","@id":"https:\/\/proseating.nl\/de\/produkte\/","url":"https:\/\/proseating.nl\/de\/produkte\/","name":"Produkte - Pro Seating","isPartOf":{"@id":"https:\/\/proseating.nl\/de\/#website"},"datePublished":"2017-05-12T12:21:52+00:00","dateModified":"2018-02-15T13:35:09+00:00","breadcrumb":{"@id":"https:\/\/proseating.nl\/de\/produkte\/#breadcrumb"},"inLanguage":"de","potentialAction":[{"@type":"ReadAction","target":["https:\/\/proseating.nl\/de\/produkte\/"]}]},{"@type":"BreadcrumbList","@id":"https:\/\/proseating.nl\/de\/produkte\/#breadcrumb","itemListElement":[{"@type":"ListItem","position":1,"name":"Home","item":"https:\/\/proseating.nl\/de\/"},{"@type":"ListItem","position":2,"name":"Produkte"}]},{"@type":"WebSite","@id":"https:\/\/proseating.nl\/de\/#website","url":"https:\/\/proseating.nl\/de\/","name":"Pro Seating","description":"CNC, houtbewerking, vormschuim, naaiatelier, stofferen, revalidatiestoffering, rolstoelkussen, kussens voor medische behandelstoelen, revalidatiestoffering.","potentialAction":[{"@type":"SearchAction","target":{"@type":"EntryPoint","urlTemplate":"https:\/\/proseating.nl\/de\/?s={search_term_string}"},"query-input":{"@type":"PropertyValueSpecification","valueRequired":true,"valueName":"search_term_string"}}],"inLanguage":"de"}]}},"_links":{"self":[{"href":"https:\/\/proseating.nl\/de\/wp-json\/wp\/v2\/pages\/1641","targetHints":{"allow":["GET"]}}],"collection":[{"href":"https:\/\/proseating.nl\/de\/wp-json\/wp\/v2\/pages"}],"about":[{"href":"https:\/\/proseating.nl\/de\/wp-json\/wp\/v2\/types\/page"}],"author":[{"embeddable":true,"href":"https:\/\/proseating.nl\/de\/wp-json\/wp\/v2\/users\/2"}],"replies":[{"embeddable":true,"href":"https:\/\/proseating.nl\/de\/wp-json\/wp\/v2\/comments?post=1641"}],"version-history":[{"count":5,"href":"https:\/\/proseating.nl\/de\/wp-json\/wp\/v2\/pages\/1641\/revisions"}],"predecessor-version":[{"id":2686,"href":"https:\/\/proseating.nl\/de\/wp-json\/wp\/v2\/pages\/1641\/revisions\/2686"}],"wp:attachment":[{"href":"https:\/\/proseating.nl\/de\/wp-json\/wp\/v2\/media?parent=1641"}],"curies":[{"name":"wp","href":"https:\/\/api.w.org\/{rel}","templated":true}]}}