{"id":1630,"date":"2016-06-09T17:02:27","date_gmt":"2016-06-09T15:02:27","guid":{"rendered":"http:\/\/proseating.nl\/homepage\/?lang=de"},"modified":"2026-03-19T09:46:31","modified_gmt":"2026-03-19T08:46:31","slug":"homepage","status":"publish","type":"page","link":"https:\/\/proseating.nl\/de\/","title":{"rendered":"Homepage"},"content":{"rendered":"<p>Innovation wird bei Pro Seating\u00ae gro\u00dfgeschrieben. Mit einem neuen Produktionsverfahren, das mit Unterst\u00fctzung des technischen Wissens von Bayer entwickelt wurde, stellen wir aus Kaltformschaum R\u00fccken- und Sitzsysteme her. Wir arbeiten kontinuierlich an der weiteren Verbesserung unserer Produkte.<\/p>\n","protected":false},"excerpt":{"rendered":"<p>Innovation wird bei Pro Seating\u00ae gro\u00dfgeschrieben. Mit einem neuen Produktionsverfahren, das mit Unterst\u00fctzung des technischen Wissens von Bayer entwickelt wurde, stellen wir aus Kaltformschaum R\u00fccken- und Sitzsysteme her. Wir arbeiten<a href=\"https:\/\/proseating.nl\/de\/\"><button class=\"btn\">Lesen Sie mehr<\/button><\/a><\/p>\n","protected":false},"author":1,"featured_media":0,"parent":0,"menu_order":0,"comment_status":"closed","ping_status":"open","template":"page\/home.php","meta":{"_acf_changed":false,"footnotes":""},"class_list":["post-1630","page","type-page","status-publish","hentry"],"acf":[],"yoast_head":"<!-- This site is optimized with the Yoast SEO plugin v27.2 - https:\/\/yoast.com\/product\/yoast-seo-wordpress\/ -->\n<title>Homepage - Pro Seating<\/title>\n<meta name=\"robots\" content=\"index, follow, max-snippet:-1, max-image-preview:large, max-video-preview:-1\" \/>\n<link rel=\"canonical\" href=\"https:\/\/proseating.nl\/de\/\" \/>\n<meta property=\"og:locale\" content=\"de_DE\" \/>\n<meta property=\"og:type\" content=\"article\" \/>\n<meta property=\"og:title\" content=\"Homepage - Pro Seating\" \/>\n<meta property=\"og:description\" content=\"Innovation wird bei Pro Seating\u00ae gro\u00dfgeschrieben. Mit einem neuen Produktionsverfahren, das mit Unterst\u00fctzung des technischen Wissens von Bayer entwickelt wurde, stellen wir aus Kaltformschaum R\u00fccken- und Sitzsysteme her. Wir arbeitenLesen Sie mehr\" \/>\n<meta property=\"og:url\" content=\"https:\/\/proseating.nl\/de\/\" \/>\n<meta property=\"og:site_name\" content=\"Pro Seating\" \/>\n<meta property=\"article:publisher\" content=\"https:\/\/www.facebook.com\/ProSeating\/\" \/>\n<meta property=\"article:modified_time\" content=\"2026-03-19T08:46:31+00:00\" \/>\n<meta name=\"twitter:card\" content=\"summary_large_image\" \/>\n<meta name=\"twitter:label1\" content=\"Gesch\u00e4tzte Lesezeit\" \/>\n\t<meta name=\"twitter:data1\" content=\"1\u00a0Minute\" \/>\n<script type=\"application\/ld+json\" class=\"yoast-schema-graph\">{\"@context\":\"https:\/\/schema.org\",\"@graph\":[{\"@type\":\"WebPage\",\"@id\":\"https:\/\/proseating.nl\/de\/\",\"url\":\"https:\/\/proseating.nl\/de\/\",\"name\":\"Homepage - Pro Seating\",\"isPartOf\":{\"@id\":\"https:\/\/proseating.nl\/de\/#website\"},\"datePublished\":\"2016-06-09T15:02:27+00:00\",\"dateModified\":\"2026-03-19T08:46:31+00:00\",\"breadcrumb\":{\"@id\":\"https:\/\/proseating.nl\/de\/#breadcrumb\"},\"inLanguage\":\"de\",\"potentialAction\":[{\"@type\":\"ReadAction\",\"target\":[\"https:\/\/proseating.nl\/de\/\"]}]},{\"@type\":\"BreadcrumbList\",\"@id\":\"https:\/\/proseating.nl\/de\/#breadcrumb\",\"itemListElement\":[{\"@type\":\"ListItem\",\"position\":1,\"name\":\"Home\",\"item\":\"https:\/\/proseating.nl\/de\/\"},{\"@type\":\"ListItem\",\"position\":2,\"name\":\"Homepage\"}]},{\"@type\":\"WebSite\",\"@id\":\"https:\/\/proseating.nl\/de\/#website\",\"url\":\"https:\/\/proseating.nl\/de\/\",\"name\":\"Pro Seating\",\"description\":\"CNC, houtbewerking, vormschuim, naaiatelier, stofferen, revalidatiestoffering, rolstoelkussen, kussens voor medische behandelstoelen, revalidatiestoffering.\",\"potentialAction\":[{\"@type\":\"SearchAction\",\"target\":{\"@type\":\"EntryPoint\",\"urlTemplate\":\"https:\/\/proseating.nl\/de\/?s={search_term_string}\"},\"query-input\":{\"@type\":\"PropertyValueSpecification\",\"valueRequired\":true,\"valueName\":\"search_term_string\"}}],\"inLanguage\":\"de\"}]}<\/script>\n<!-- \/ Yoast SEO plugin. -->","yoast_head_json":{"title":"Homepage - Pro Seating","robots":{"index":"index","follow":"follow","max-snippet":"max-snippet:-1","max-image-preview":"max-image-preview:large","max-video-preview":"max-video-preview:-1"},"canonical":"https:\/\/proseating.nl\/de\/","og_locale":"de_DE","og_type":"article","og_title":"Homepage - Pro Seating","og_description":"Innovation wird bei Pro Seating\u00ae gro\u00dfgeschrieben. Mit einem neuen Produktionsverfahren, das mit Unterst\u00fctzung des technischen Wissens von Bayer entwickelt wurde, stellen wir aus Kaltformschaum R\u00fccken- und Sitzsysteme her. Wir arbeitenLesen Sie mehr","og_url":"https:\/\/proseating.nl\/de\/","og_site_name":"Pro Seating","article_publisher":"https:\/\/www.facebook.com\/ProSeating\/","article_modified_time":"2026-03-19T08:46:31+00:00","twitter_card":"summary_large_image","twitter_misc":{"Gesch\u00e4tzte Lesezeit":"1\u00a0Minute"},"schema":{"@context":"https:\/\/schema.org","@graph":[{"@type":"WebPage","@id":"https:\/\/proseating.nl\/de\/","url":"https:\/\/proseating.nl\/de\/","name":"Homepage - Pro Seating","isPartOf":{"@id":"https:\/\/proseating.nl\/de\/#website"},"datePublished":"2016-06-09T15:02:27+00:00","dateModified":"2026-03-19T08:46:31+00:00","breadcrumb":{"@id":"https:\/\/proseating.nl\/de\/#breadcrumb"},"inLanguage":"de","potentialAction":[{"@type":"ReadAction","target":["https:\/\/proseating.nl\/de\/"]}]},{"@type":"BreadcrumbList","@id":"https:\/\/proseating.nl\/de\/#breadcrumb","itemListElement":[{"@type":"ListItem","position":1,"name":"Home","item":"https:\/\/proseating.nl\/de\/"},{"@type":"ListItem","position":2,"name":"Homepage"}]},{"@type":"WebSite","@id":"https:\/\/proseating.nl\/de\/#website","url":"https:\/\/proseating.nl\/de\/","name":"Pro Seating","description":"CNC, houtbewerking, vormschuim, naaiatelier, stofferen, revalidatiestoffering, rolstoelkussen, kussens voor medische behandelstoelen, revalidatiestoffering.","potentialAction":[{"@type":"SearchAction","target":{"@type":"EntryPoint","urlTemplate":"https:\/\/proseating.nl\/de\/?s={search_term_string}"},"query-input":{"@type":"PropertyValueSpecification","valueRequired":true,"valueName":"search_term_string"}}],"inLanguage":"de"}]}},"_links":{"self":[{"href":"https:\/\/proseating.nl\/de\/wp-json\/wp\/v2\/pages\/1630","targetHints":{"allow":["GET"]}}],"collection":[{"href":"https:\/\/proseating.nl\/de\/wp-json\/wp\/v2\/pages"}],"about":[{"href":"https:\/\/proseating.nl\/de\/wp-json\/wp\/v2\/types\/page"}],"author":[{"embeddable":true,"href":"https:\/\/proseating.nl\/de\/wp-json\/wp\/v2\/users\/1"}],"replies":[{"embeddable":true,"href":"https:\/\/proseating.nl\/de\/wp-json\/wp\/v2\/comments?post=1630"}],"version-history":[{"count":6,"href":"https:\/\/proseating.nl\/de\/wp-json\/wp\/v2\/pages\/1630\/revisions"}],"predecessor-version":[{"id":4224,"href":"https:\/\/proseating.nl\/de\/wp-json\/wp\/v2\/pages\/1630\/revisions\/4224"}],"wp:attachment":[{"href":"https:\/\/proseating.nl\/de\/wp-json\/wp\/v2\/media?parent=1630"}],"curies":[{"name":"wp","href":"https:\/\/api.w.org\/{rel}","templated":true}]}}